{"id":214,"date":"2014-05-05T10:47:26","date_gmt":"2014-05-05T08:47:26","guid":{"rendered":"http:\/\/blog.vlna.cz\/?page_id=214"},"modified":"2019-02-06T13:45:40","modified_gmt":"2019-02-06T12:45:40","slug":"sledujte-vlna-cz","status":"publish","type":"page","link":"https:\/\/www.vlna.cz\/blog\/sledujte-vlna-cz\/","title":{"rendered":"Sledujte VLNA.cz"},"content":{"rendered":"<p><img loading=\"lazy\" decoding=\"async\" src=\"https:\/\/www.vlna.cz\/blog\/wp-content\/uploads\/2014\/05\/socialni-site-loga-285x300.jpg\" alt=\"socialni-site-loga\" width=\"285\" height=\"300\" class=\"alignleft size-medium wp-image-227\" srcset=\"https:\/\/www.vlna.cz\/blog\/wp-content\/uploads\/2014\/05\/socialni-site-loga-285x300.jpg 285w, https:\/\/www.vlna.cz\/blog\/wp-content\/uploads\/2014\/05\/socialni-site-loga.jpg 454w\" sizes=\"auto, (max-width: 285px) 85vw, 285px\" \/><\/p>\n<p>Nejnov\u011bj\u0161\u00ed aktuality z blogu VLNA.cz m\u016f\u017eete tak\u00e9 sledovat na n\u00e1sleduj\u00edc\u00edch adres\u00e1ch:<\/p>\n<p><a href=\"https:\/\/del.icio.us\/ckvlnacz\" rel=\"nofollow\">Del.icio.us<\/a><br \/>\n<a href=\"https:\/\/www.diigo.com\/user\/ckvlnacz\" rel=\"nofollow\">Diigo.com<\/a><br \/>\n<a href=\"https:\/\/www.facebook.com\/vlna.cz\" rel=\"nofollow\">Facebook.com<\/a><br \/>\n<a href=\"http:\/\/ckvlnacz.livejournal.com\/\" rel=\"nofollow\">LiveJournal.com<\/a><br \/>\n<a href=\"http:\/\/www.scoop.it\/t\/ckvlnacz\" rel=\"nofollow\">Scoop.It<\/a><br \/>\n<a href=\"http:\/\/ckvlnacz.soup.io\/\" rel=\"nofollow\">Soup.Io<\/a><br \/>\n<a href=\"https:\/\/twitter.com\/vlnacz\" rel=\"nofollow\">Twitter<\/a><\/p>\n","protected":false},"excerpt":{"rendered":"<p>Nejnov\u011bj\u0161\u00ed aktuality z blogu VLNA.cz m\u016f\u017eete tak\u00e9 sledovat na n\u00e1sleduj\u00edc\u00edch adres\u00e1ch: Del.icio.us Diigo.com Facebook.com LiveJournal.com Scoop.It Soup.Io Twitter<\/p>\n","protected":false},"author":1,"featured_media":0,"parent":0,"menu_order":0,"comment_status":"closed","ping_status":"closed","template":"","meta":{"footnotes":""},"class_list":["post-214","page","type-page","status-publish","hentry"],"_links":{"self":[{"href":"https:\/\/www.vlna.cz\/blog\/wp-json\/wp\/v2\/pages\/214","targetHints":{"allow":["GET"]}}],"collection":[{"href":"https:\/\/www.vlna.cz\/blog\/wp-json\/wp\/v2\/pages"}],"about":[{"href":"https:\/\/www.vlna.cz\/blog\/wp-json\/wp\/v2\/types\/page"}],"author":[{"embeddable":true,"href":"https:\/\/www.vlna.cz\/blog\/wp-json\/wp\/v2\/users\/1"}],"replies":[{"embeddable":true,"href":"https:\/\/www.vlna.cz\/blog\/wp-json\/wp\/v2\/comments?post=214"}],"version-history":[{"count":14,"href":"https:\/\/www.vlna.cz\/blog\/wp-json\/wp\/v2\/pages\/214\/revisions"}],"predecessor-version":[{"id":847,"href":"https:\/\/www.vlna.cz\/blog\/wp-json\/wp\/v2\/pages\/214\/revisions\/847"}],"wp:attachment":[{"href":"https:\/\/www.vlna.cz\/blog\/wp-json\/wp\/v2\/media?parent=214"}],"curies":[{"name":"wp","href":"https:\/\/api.w.org\/{rel}","templated":true}]}}